{"id":126346,"date":"2019-08-22T10:15:35","date_gmt":"2019-08-22T09:15:35","guid":{"rendered":"https:\/\/lajver-dev.com\/webshop\/lajver-izbusena-drvena-kutija\/"},"modified":"2021-05-18T17:36:05","modified_gmt":"2021-05-18T15:36:05","slug":"lajver-izbusena-drvena-kutija","status":"publish","type":"product","link":"https:\/\/lajver-dev.com\/sr\/termek\/lajver-izbusena-drvena-kutija\/","title":{"rendered":"lajver izbu\u0161ena drvena kutija"},"content":{"rendered":"<p>Izbu\u0161ena drvena kutija je elegantan poklon, savr\u0161eno se uklapa u izgled i stil na\u0161ih vina. Izuzeci su jedinstvene veli\u010dine fla\u0161a rajnskog rizlinga, Incognito, Signum Cuvee, Pinot Noir Limited, Kekfrankos Limited i serije 2012.<\/p>\n","protected":false},"excerpt":{"rendered":"<p>Izbu\u0161ena drvena kutija je elegantan poklon, savr\u0161eno se uklapa u izgled i stil na\u0161ih vina. Izuzeci su jedinstvene veli\u010dine fla\u0161a rajnskog rizlinga, Incognito, Signum Cuvee, Pinot Noir Limited, Kekfrankos Limited i serije 2012.<\/p>\n","protected":false},"featured_media":126349,"template":"","meta":{"_acf_changed":false},"product_brand":[],"product_cat":[127,177],"product_tag":[],"class_list":{"0":"post-126346","1":"product","2":"type-product","3":"status-publish","4":"has-post-thumbnail","6":"product_cat-csomag-ajanlatok-sr","7":"product_cat-diszdoboz-sr","9":"first","10":"instock","11":"shipping-taxable","12":"purchasable","13":"product-type-simple"},"acf":[],"_links":{"self":[{"href":"https:\/\/lajver-dev.com\/sr\/wp-json\/wp\/v2\/product\/126346","targetHints":{"allow":["GET"]}}],"collection":[{"href":"https:\/\/lajver-dev.com\/sr\/wp-json\/wp\/v2\/product"}],"about":[{"href":"https:\/\/lajver-dev.com\/sr\/wp-json\/wp\/v2\/types\/product"}],"wp:featuredmedia":[{"embeddable":true,"href":"https:\/\/lajver-dev.com\/sr\/wp-json\/wp\/v2\/media\/126349"}],"wp:attachment":[{"href":"https:\/\/lajver-dev.com\/sr\/wp-json\/wp\/v2\/media?parent=126346"}],"wp:term":[{"taxonomy":"product_brand","embeddable":true,"href":"https:\/\/lajver-dev.com\/sr\/wp-json\/wp\/v2\/product_brand?post=126346"},{"taxonomy":"product_cat","embeddable":true,"href":"https:\/\/lajver-dev.com\/sr\/wp-json\/wp\/v2\/product_cat?post=126346"},{"taxonomy":"product_tag","embeddable":true,"href":"https:\/\/lajver-dev.com\/sr\/wp-json\/wp\/v2\/product_tag?post=126346"}],"curies":[{"name":"wp","href":"https:\/\/api.w.org\/{rel}","templated":true}]}}