{"id":126322,"date":"2020-11-19T13:20:36","date_gmt":"2020-11-19T12:20:36","guid":{"rendered":"https:\/\/lajver-dev.com\/webshop\/lajver-black-edition-selekcija-vina\/"},"modified":"2021-11-27T00:00:15","modified_gmt":"2021-11-26T22:00:15","slug":"lajver-black-edition-selekcija-vina","status":"publish","type":"product","link":"https:\/\/lajver-dev.com\/sr\/termek\/lajver-black-edition-selekcija-vina\/","title":{"rendered":"lajver black edition selekcija vina u drvenoj poklon-kutiji"},"content":{"rendered":"<p>Sve serije na\u0161eg vinskog paketa Black Edition su ve\u0107 osvojile nagrade na domac\u0301im i me\u0111unarodnim takmi\u010denjima. Miljenik ljubitelja vina, vinskih stru\u010dnjaka i gurmana. Sada, pored izbora vina, poklanjamo i drvenu kutiju pogodnu za \u010duvanje 6 boca.<\/p>\n<p>Na\u0161a vrhunska vina pravimo sa pa\u017enjom, ru\u010dnim briranjem grozdova i jagodi\u010dastog voc\u0301a, koristec\u0301i najnovije tehnologije, sa stra\u0161c\u0301u i verom, bez kompromisa, sa namerom da se sve bli\u017ee pribli\u017eimo savr\u0161enom vinu.<\/p>\n","protected":false},"excerpt":{"rendered":"<p>SIGNUM CUV\u00c9E 2018<br \/>\nSELEKCIJA MERLO 2015<br \/>\nINFINITY CUV\u00c9E 2015<br \/>\nPINO NOAR LIMITED 2017<br \/>\nKIKFRANKO\u0160 (Plavi frankovac) LIMITED 2015<br \/>\nKABERNE SUVINJON LIMITED 2017<\/p>\n","protected":false},"featured_media":126324,"template":"","meta":{"_acf_changed":false},"product_brand":[],"product_cat":[127],"product_tag":[],"class_list":{"0":"post-126322","1":"product","2":"type-product","3":"status-publish","4":"has-post-thumbnail","6":"product_cat-csomag-ajanlatok-sr","8":"first","9":"instock","10":"shipping-taxable","11":"purchasable","12":"product-type-simple"},"acf":[],"_links":{"self":[{"href":"https:\/\/lajver-dev.com\/sr\/wp-json\/wp\/v2\/product\/126322","targetHints":{"allow":["GET"]}}],"collection":[{"href":"https:\/\/lajver-dev.com\/sr\/wp-json\/wp\/v2\/product"}],"about":[{"href":"https:\/\/lajver-dev.com\/sr\/wp-json\/wp\/v2\/types\/product"}],"wp:featuredmedia":[{"embeddable":true,"href":"https:\/\/lajver-dev.com\/sr\/wp-json\/wp\/v2\/media\/126324"}],"wp:attachment":[{"href":"https:\/\/lajver-dev.com\/sr\/wp-json\/wp\/v2\/media?parent=126322"}],"wp:term":[{"taxonomy":"product_brand","embeddable":true,"href":"https:\/\/lajver-dev.com\/sr\/wp-json\/wp\/v2\/product_brand?post=126322"},{"taxonomy":"product_cat","embeddable":true,"href":"https:\/\/lajver-dev.com\/sr\/wp-json\/wp\/v2\/product_cat?post=126322"},{"taxonomy":"product_tag","embeddable":true,"href":"https:\/\/lajver-dev.com\/sr\/wp-json\/wp\/v2\/product_tag?post=126322"}],"curies":[{"name":"wp","href":"https:\/\/api.w.org\/{rel}","templated":true}]}}