{"id":125949,"date":"2020-05-27T10:26:31","date_gmt":"2020-05-27T09:26:31","guid":{"rendered":"https:\/\/lajver-dev.com\/webshop\/lajver-cabernet-frank-2017\/"},"modified":"2021-11-27T00:00:16","modified_gmt":"2021-11-26T22:00:16","slug":"lajver-cabernet-frank-2017","status":"publish","type":"product","link":"https:\/\/lajver-dev.com\/sr\/termek\/lajver-cabernet-frank-2017\/","title":{"rendered":"Lajver Seksardi Cabernet Franc &#8211; FRANK 2017"},"content":{"rendered":"<h5>O VINU<\/h5>\n<p>Dolina potoka Lajver pru\u017ea jedinstvenu mikroklimu za na\u0161e ju\u017ene vinograde sa terasama. Na lesnom tlu svaka sorta iz godine u godinu pokazuje svoj maksimum. Miri\u0161e na \u0161umsko voc\u0301e, vi\u0161nje i malo \u010dokolade, gutljaj je s bar\u0161unastim taninima prijatne kiselosti koji ga \u010dine neodoljivim.\u00a0Savr\u0161eno ide uz crveno, so\u010dno meso, pa\u0161tete, \u010dokoladne poslastice.<\/p>\n<p><em>Kako se pravi?<\/em><\/p>\n<p>Nakon temeljnog sortiranja i pa\u017eljive obrade, mo\u0161t gro\u017e\u0111a Kaberne Frank fermentisan je u \u010deli\u010dnom rezervoaru. Ne\u0161to od toga je odle\u017ealo u buradima od ma\u0111arskog hrasta 12 meseci. Krajnji rezultat je elegantno, suzdr\u017eano vino.<\/p>\n<p><em>Od \u010dega se pravi?<\/em><\/p>\n<ul>\n<li>100% Kaberne frank<\/li>\n<\/ul>\n<p>Alkohol: 13,5%<\/p>\n","protected":false},"excerpt":{"rendered":"<p>SUVO CRNO VINO SA GEOGRAFSKOM ZA\u0160TITOM POREKLA REGIONA SEKSARD<\/p>\n","protected":false},"featured_media":125951,"template":"","meta":{"_acf_changed":false},"product_brand":[],"product_cat":[163],"product_tag":[],"class_list":{"0":"post-125949","1":"product","2":"type-product","3":"status-publish","4":"has-post-thumbnail","6":"product_cat-szaraz-voros-sr","8":"first","9":"instock","10":"shipping-taxable","11":"purchasable","12":"product-type-simple"},"acf":[],"_links":{"self":[{"href":"https:\/\/lajver-dev.com\/sr\/wp-json\/wp\/v2\/product\/125949","targetHints":{"allow":["GET"]}}],"collection":[{"href":"https:\/\/lajver-dev.com\/sr\/wp-json\/wp\/v2\/product"}],"about":[{"href":"https:\/\/lajver-dev.com\/sr\/wp-json\/wp\/v2\/types\/product"}],"wp:featuredmedia":[{"embeddable":true,"href":"https:\/\/lajver-dev.com\/sr\/wp-json\/wp\/v2\/media\/125951"}],"wp:attachment":[{"href":"https:\/\/lajver-dev.com\/sr\/wp-json\/wp\/v2\/media?parent=125949"}],"wp:term":[{"taxonomy":"product_brand","embeddable":true,"href":"https:\/\/lajver-dev.com\/sr\/wp-json\/wp\/v2\/product_brand?post=125949"},{"taxonomy":"product_cat","embeddable":true,"href":"https:\/\/lajver-dev.com\/sr\/wp-json\/wp\/v2\/product_cat?post=125949"},{"taxonomy":"product_tag","embeddable":true,"href":"https:\/\/lajver-dev.com\/sr\/wp-json\/wp\/v2\/product_tag?post=125949"}],"curies":[{"name":"wp","href":"https:\/\/api.w.org\/{rel}","templated":true}]}}