{"id":125939,"date":"2019-08-22T10:15:00","date_gmt":"2019-08-22T09:15:00","guid":{"rendered":"https:\/\/lajver-dev.com\/webshop\/lajver-seksardi-kikfrankos-2018\/"},"modified":"2021-11-27T00:00:16","modified_gmt":"2021-11-26T22:00:16","slug":"lajver-seksardi-kikfrankos-2018","status":"publish","type":"product","link":"https:\/\/lajver-dev.com\/sr\/termek\/lajver-seksardi-kikfrankos-2018\/","title":{"rendered":"Lajver Seksardi Kikfranko\u0161 (Palvi Frankovac) 2018"},"content":{"rendered":"<h3>O VINU<\/h3>\n<p>Na prvi pogled znamo, da u \u010da\u0161i dobijamo sadr\u017eajan Plavi frankovac: njegov miris nas u potpunosti u to uverava, uz me\u0161avinu pikantnosti i zrelih tre\u0161anja. U gutljaju se poja\u010dava efekat ba\u010dve, drvo daje dodatne za\u010dine, karanfilic\u0301 i vanilu, a zatim se na kraju gutljaja pojavljuje kokos koji odatle sti\u017ee u vino. Struktura je prili\u010dno dobra, kiseline o\u017eivljavaju ne\u0161to sporije ukuse zbog ba\u010dve, zrelo voc\u0301e se igra sa pikantnosti. Na kraju gutljaja uspori, usta se napune s njime, alkohol vec\u0301 osec\u0301amo, ali jo\u0161 i dalje odgovara, ovde ima i sadr\u017eaja, a ne samo forme.<\/p>\n<p><em><strong>Kako se pravi?<\/strong>\u00a0<\/em><br \/>\nRu\u010dno biranje grozdova. U ner\u0111aju\u0107em rezervoaru, sa alkoholnom fermentacijom u reduktivnom prostoru. Fermentacija koja traje 8 meseci u hrastovim buradima<\/p>\n<p><em><strong>Od \u010dega se pravi?<\/strong><\/em><\/p>\n<p>100%\u00a0Kikfranko\u0161 (Plavi frankovac)<\/p>\n<p>Alkohol: 13%, Kiselina: 5,1\u00a0g\/l<\/p>\n","protected":false},"excerpt":{"rendered":"<p>SUVO CRNO VINO SA OZNAKOM GEOGRAFSKE ZA\u0160TITE POREKLA<\/p>\n","protected":false},"featured_media":131037,"template":"","meta":{"_acf_changed":false},"product_brand":[],"product_cat":[163],"product_tag":[],"class_list":{"0":"post-125939","1":"product","2":"type-product","3":"status-publish","4":"has-post-thumbnail","6":"product_cat-szaraz-voros-sr","8":"first","9":"instock","10":"shipping-taxable","11":"purchasable","12":"product-type-simple"},"acf":[],"_links":{"self":[{"href":"https:\/\/lajver-dev.com\/sr\/wp-json\/wp\/v2\/product\/125939","targetHints":{"allow":["GET"]}}],"collection":[{"href":"https:\/\/lajver-dev.com\/sr\/wp-json\/wp\/v2\/product"}],"about":[{"href":"https:\/\/lajver-dev.com\/sr\/wp-json\/wp\/v2\/types\/product"}],"wp:featuredmedia":[{"embeddable":true,"href":"https:\/\/lajver-dev.com\/sr\/wp-json\/wp\/v2\/media\/131037"}],"wp:attachment":[{"href":"https:\/\/lajver-dev.com\/sr\/wp-json\/wp\/v2\/media?parent=125939"}],"wp:term":[{"taxonomy":"product_brand","embeddable":true,"href":"https:\/\/lajver-dev.com\/sr\/wp-json\/wp\/v2\/product_brand?post=125939"},{"taxonomy":"product_cat","embeddable":true,"href":"https:\/\/lajver-dev.com\/sr\/wp-json\/wp\/v2\/product_cat?post=125939"},{"taxonomy":"product_tag","embeddable":true,"href":"https:\/\/lajver-dev.com\/sr\/wp-json\/wp\/v2\/product_tag?post=125939"}],"curies":[{"name":"wp","href":"https:\/\/api.w.org\/{rel}","templated":true}]}}