{"id":125897,"date":"2020-05-14T10:48:39","date_gmt":"2020-05-14T09:48:39","guid":{"rendered":"https:\/\/lajver-dev.com\/webshop\/lajver-seksard-bikaver-limited-2012\/"},"modified":"2021-11-27T00:00:18","modified_gmt":"2021-11-26T22:00:18","slug":"lajver-seksard-bikaver-limited-2012","status":"publish","type":"product","link":"https:\/\/lajver-dev.com\/sr\/termek\/lajver-seksard-bikaver-limited-2012\/","title":{"rendered":"Lajver Seksard Bikaver (Bikova Krv) Limited 2012"},"content":{"rendered":"<h3>O VINU<\/h3>\n<p>U fla\u0161i su svi ukusi i arome Seksarda 2012. sve se zadesilo, da bi mogli da napravimo fantasti\u010dne stavke Ove godine smo ljubomorno \u010duvane fla\u0161e otvorili, degustirali, i ponovo fla\u0161irali Do vrha je stiglo tako, \u0161to smo sve radili u najboljem trenutku. Ograni\u010deno, pojedina\u010dno ozna\u010deno vino Lajver, za prave poznavaoce!<\/p>\n<p>Bikaver (Bikova krv) napravljen od gro\u017e\u0111a Kekfranko\u0161 (plavi frankovac), merlota, kadarke i kaberne suvinjona uzgajanih sa ograni\u010davanjem prinosa.<br \/>\nVino punog tela, duboke rubin boje u kojem se lepo stapaju voc\u0301nost i pikantnost.<\/p>\n<p><em><strong>Kako se pravilo?<\/strong><\/em><\/p>\n<p>Posle fermentacije u \u010deli\u010dnim rezervoarima odle\u017ealo je 12 meseci u buradima od ameri\u010dkog hrasta. Me\u0161ali smo najbolje od fermentisanih vina, a zatim smo ih ostavili u da se odmore u fla\u0161ama 20 meseci.<\/p>\n<p>Alkohol: 13,5%<\/p>\n","protected":false},"excerpt":{"rendered":"<p>SUVO CRNO VINO SA GEOGRAFSKOM ZA\u0160TITOM POREKLA REGIONA SEKSARD<\/p>\n","protected":false},"featured_media":125898,"template":"","meta":{"_acf_changed":false},"product_brand":[],"product_cat":[140],"product_tag":[],"class_list":{"0":"post-125897","1":"product","2":"type-product","3":"status-publish","4":"has-post-thumbnail","6":"product_cat-limited-sr","8":"first","9":"outofstock","10":"shipping-taxable","11":"purchasable","12":"product-type-simple"},"acf":[],"_links":{"self":[{"href":"https:\/\/lajver-dev.com\/sr\/wp-json\/wp\/v2\/product\/125897","targetHints":{"allow":["GET"]}}],"collection":[{"href":"https:\/\/lajver-dev.com\/sr\/wp-json\/wp\/v2\/product"}],"about":[{"href":"https:\/\/lajver-dev.com\/sr\/wp-json\/wp\/v2\/types\/product"}],"wp:featuredmedia":[{"embeddable":true,"href":"https:\/\/lajver-dev.com\/sr\/wp-json\/wp\/v2\/media\/125898"}],"wp:attachment":[{"href":"https:\/\/lajver-dev.com\/sr\/wp-json\/wp\/v2\/media?parent=125897"}],"wp:term":[{"taxonomy":"product_brand","embeddable":true,"href":"https:\/\/lajver-dev.com\/sr\/wp-json\/wp\/v2\/product_brand?post=125897"},{"taxonomy":"product_cat","embeddable":true,"href":"https:\/\/lajver-dev.com\/sr\/wp-json\/wp\/v2\/product_cat?post=125897"},{"taxonomy":"product_tag","embeddable":true,"href":"https:\/\/lajver-dev.com\/sr\/wp-json\/wp\/v2\/product_tag?post=125897"}],"curies":[{"name":"wp","href":"https:\/\/api.w.org\/{rel}","templated":true}]}}