{"id":125885,"date":"2020-10-07T11:23:29","date_gmt":"2020-10-07T10:23:29","guid":{"rendered":"https:\/\/lajver-dev.com\/webshop\/lajver-kaberne-suvinjon-limited-2017\/"},"modified":"2021-11-27T00:00:18","modified_gmt":"2021-11-26T22:00:18","slug":"lajver-kaberne-suvinjon-limited-2017","status":"publish","type":"product","link":"https:\/\/lajver-dev.com\/sr\/termek\/lajver-kaberne-suvinjon-limited-2017\/","title":{"rendered":"Lajver Kaberne Suvinjon Limited 2017"},"content":{"rendered":"<h3>O VINU<\/h3>\n<p>Dolina potoka Lajver je prava zanimljivost zbog svoje posebne mikroklime, zemlji\u0161ta bogatog lesom i ju\u017enih terasastih vinograda. Ovaj izrazito taninski, intenzivni kaberne suvinjion ro\u0111en je na ovoj izvanrednoj osnovi. Karakteri\u0161e ga puno telo, duboka bordo boja, prac\u0301ena ukusom crnih bobica sa slatkim za\u010dinima. Karakterno vino, s dugim potencijalom zrenja.<\/p>\n<p>Vino male serije sa jedinstvenim serijskim brojem, napravljeno je samo 1179 fla\u0161a, a dostupno je isklju\u010divo u vinskom bistrou Lajver i u na\u0161oj veb prodavnici.<\/p>\n<p><em><strong>Kako se pravi?\u00a0<\/strong><\/em><\/p>\n<p>Nakon obrade, pa\u017eljivo odabrano gro\u017e\u0111e fermentisano je u \u010deli\u010dnim rezervoarima, a zatim je odle\u017ealo 12 meseci u barik buradima od ma\u0111arskog i francuskog hrasta.<\/p>\n<p><em><strong>Od \u010dega se pravi?<\/strong><\/em><br \/>\n100% Kaberne suvinjon<\/p>\n<p><em><strong>Nagrade, plakete:<\/strong><\/em><\/p>\n<ul>\n<li>Woman\u2019s Wine &amp; Spirits Awards \u2013 zlatna medalja, 2020<\/li>\n<li>AWC Vienna \u2013 zlatna medalja, 2020<\/li>\n<\/ul>\n<p>Alkohol: 14%, sav: 5,4 g\/l<\/p>\n","protected":false},"excerpt":{"rendered":"<p>SUVO CRNO VINO SA GEOGRAFSKOM ZA\u0160TITOM POREKLA REGIONA SEKSARD<\/p>\n","protected":false},"featured_media":125886,"template":"","meta":{"_acf_changed":false},"product_brand":[],"product_cat":[140],"product_tag":[],"class_list":{"0":"post-125885","1":"product","2":"type-product","3":"status-publish","4":"has-post-thumbnail","6":"product_cat-limited-sr","8":"first","9":"instock","10":"shipping-taxable","11":"purchasable","12":"product-type-simple"},"acf":[],"_links":{"self":[{"href":"https:\/\/lajver-dev.com\/sr\/wp-json\/wp\/v2\/product\/125885","targetHints":{"allow":["GET"]}}],"collection":[{"href":"https:\/\/lajver-dev.com\/sr\/wp-json\/wp\/v2\/product"}],"about":[{"href":"https:\/\/lajver-dev.com\/sr\/wp-json\/wp\/v2\/types\/product"}],"wp:featuredmedia":[{"embeddable":true,"href":"https:\/\/lajver-dev.com\/sr\/wp-json\/wp\/v2\/media\/125886"}],"wp:attachment":[{"href":"https:\/\/lajver-dev.com\/sr\/wp-json\/wp\/v2\/media?parent=125885"}],"wp:term":[{"taxonomy":"product_brand","embeddable":true,"href":"https:\/\/lajver-dev.com\/sr\/wp-json\/wp\/v2\/product_brand?post=125885"},{"taxonomy":"product_cat","embeddable":true,"href":"https:\/\/lajver-dev.com\/sr\/wp-json\/wp\/v2\/product_cat?post=125885"},{"taxonomy":"product_tag","embeddable":true,"href":"https:\/\/lajver-dev.com\/sr\/wp-json\/wp\/v2\/product_tag?post=125885"}],"curies":[{"name":"wp","href":"https:\/\/api.w.org\/{rel}","templated":true}]}}