{"id":125875,"date":"2020-01-08T12:36:23","date_gmt":"2020-01-08T11:36:23","guid":{"rendered":"https:\/\/lajver-dev.com\/webshop\/lajver-pinot-noir-limited-2017\/"},"modified":"2021-11-27T00:00:19","modified_gmt":"2021-11-26T22:00:19","slug":"lajver-pino-noar-limited-2017","status":"publish","type":"product","link":"https:\/\/lajver-dev.com\/sr\/termek\/lajver-pino-noar-limited-2017\/","title":{"rendered":"Lajver Pino Noar Limited 2017"},"content":{"rendered":"<p>Suvo crno vino sa geografskom za\u0161titom porekla regiona Seksard<\/p>\n<p>Crvene bobice u aromi i blagi tanini u ukusu \u010dine ovaj pino noar divno laganim i elegantnim. Vibriraju\u0107e kiseline sa\u010duvane su pa\u017eljivim biranjem vremena berbe. Prirodno lepo, sofisticirano skladno.<\/p>\n<p>Vino male serije sa jedinstvenim serijskim brojem, napravljeno je samo 1331 fla\u0161a, a dostupno je isklju\u010divo u vinskom bistrou Lajver i u na\u0161oj veb prodavnici.<\/p>\n<p><em><strong>Kako se pravi?\u00a0<\/strong><\/em><\/p>\n<p>Ru\u010dno biranje grozdova. U ner\u0111aju\u0107em rezervoaru, sa alkoholnom fermentacijom u reduktivnom prostoru. Odle\u017ealo je 16 meseci u buradima od francuskog i ma\u0111arskog hrasta od 500 litara, prvog i drugog punjenja, srednje pr\u017eenih.<\/p>\n<p><em><strong>Nagrade, plakete:<\/strong><\/em><\/p>\n<ul>\n<li>Woman\u2019s Wine &amp; Spirits Awards \u2013 zlatna medalja, 2020<\/li>\n<li>Vino i Tr\u017ei\u0161te magazin Pinot Noir test &#8211; zlatna medalja, 2020<\/li>\n<\/ul>\n<p>Alkohol: 12%, kiselina: 5,2 g\/l<\/p>\n","protected":false},"excerpt":{"rendered":"<p>SUVO CRNO VINO SA GEOGRAFSKOM ZA\u0160TITOM POREKLA REGIONA SEKSARD<\/p>\n","protected":false},"featured_media":125876,"template":"","meta":{"_acf_changed":false},"product_brand":[],"product_cat":[140],"product_tag":[],"class_list":{"0":"post-125875","1":"product","2":"type-product","3":"status-publish","4":"has-post-thumbnail","6":"product_cat-limited-sr","8":"first","9":"instock","10":"shipping-taxable","11":"purchasable","12":"product-type-simple"},"acf":[],"_links":{"self":[{"href":"https:\/\/lajver-dev.com\/sr\/wp-json\/wp\/v2\/product\/125875","targetHints":{"allow":["GET"]}}],"collection":[{"href":"https:\/\/lajver-dev.com\/sr\/wp-json\/wp\/v2\/product"}],"about":[{"href":"https:\/\/lajver-dev.com\/sr\/wp-json\/wp\/v2\/types\/product"}],"wp:featuredmedia":[{"embeddable":true,"href":"https:\/\/lajver-dev.com\/sr\/wp-json\/wp\/v2\/media\/125876"}],"wp:attachment":[{"href":"https:\/\/lajver-dev.com\/sr\/wp-json\/wp\/v2\/media?parent=125875"}],"wp:term":[{"taxonomy":"product_brand","embeddable":true,"href":"https:\/\/lajver-dev.com\/sr\/wp-json\/wp\/v2\/product_brand?post=125875"},{"taxonomy":"product_cat","embeddable":true,"href":"https:\/\/lajver-dev.com\/sr\/wp-json\/wp\/v2\/product_cat?post=125875"},{"taxonomy":"product_tag","embeddable":true,"href":"https:\/\/lajver-dev.com\/sr\/wp-json\/wp\/v2\/product_tag?post=125875"}],"curies":[{"name":"wp","href":"https:\/\/api.w.org\/{rel}","templated":true}]}}