{"id":125870,"date":"2019-08-22T10:15:02","date_gmt":"2019-08-22T09:15:02","guid":{"rendered":"https:\/\/lajver-dev.com\/webshop\/lajver-szekszardi-infinity-cuvee-selection-2015\/"},"modified":"2021-11-27T00:00:19","modified_gmt":"2021-11-26T22:00:19","slug":"lajver-seksardi-infinity-cuvee-selection-2015","status":"publish","type":"product","link":"https:\/\/lajver-dev.com\/sr\/termek\/lajver-seksardi-infinity-cuvee-selection-2015\/","title":{"rendered":"Lajver Seksardi Infinity Cuv\u00e9e Selection 2015"},"content":{"rendered":"<h3><strong>O VINU<\/strong><\/h3>\n<p>Odlu\u010dan Seksardi Cuvee Kaberne frank sa dominacijom je prvo, \u0161to pokazuje kod mirisa. Bobice i zrele maline u gutljaju, elegantne note bureta, slatki za\u010dini, pr\u017eene note, prijatan osec\u0301aj tanina \u010dine ga sadr\u017eajnim. Ima snagu, \u010dvrstoc\u0301u, voc\u0301e i za\u010dine i dugotrajne ukuse. \u010cvrste gra\u0111e, uz potencijal koji se itekako nalazi u ovom vinu. To c\u0301e biti vi\u0161egodi\u0161nje, nezaboravno iskustvo, pijuckanje uz jela, i dr\u017eanja u podrumu.<\/p>\n<p><em><strong>Kako se pravi?\u00a0<\/strong><\/em><br \/>\nRu\u010dno biranje grozdova. U ner\u0111aju\u0107em rezervoaru, sa alkoholnom fermentacijom u reduktivnom prostoru.Svaka stavka sazreva odvojeno, najbolje odabrano i me\u0161ano. U osnovi sazreva u hrastovim ba\u010dvama 12 meseci, ali u slu\u010daju kaberne franka to mo\u017ee da se produ\u017ei na 14 meseci.<\/p>\n<p><em><strong>Od \u010dega se pravi?\u00a0<\/strong><\/em><\/p>\n<ul>\n<li>60% Kaberne frank<\/li>\n<li>30% Merlo<\/li>\n<li>10% Kaberne suvinjon<\/li>\n<\/ul>\n<p><em><strong>Nagrade, plakete:<\/strong><\/em><\/p>\n<ul>\n<li>Takmi\u010denje vina regiona Batasek \u2013 zlatna medalja, 2018<\/li>\n<\/ul>\n","protected":false},"excerpt":{"rendered":"<p>SUVO CRNO VINO SA OZNAKOM GEOGRAFSKE ZA\u0160TITE POREKLA<\/p>\n","protected":false},"featured_media":132163,"template":"","meta":{"_acf_changed":false},"product_brand":[],"product_cat":[132,147],"product_tag":[],"class_list":{"0":"post-125870","1":"product","2":"type-product","3":"status-publish","4":"has-post-thumbnail","6":"product_cat-dijnyertes-borok-sr","7":"product_cat-premium-sr","9":"first","10":"instock","11":"shipping-taxable","12":"purchasable","13":"product-type-simple"},"acf":[],"_links":{"self":[{"href":"https:\/\/lajver-dev.com\/sr\/wp-json\/wp\/v2\/product\/125870","targetHints":{"allow":["GET"]}}],"collection":[{"href":"https:\/\/lajver-dev.com\/sr\/wp-json\/wp\/v2\/product"}],"about":[{"href":"https:\/\/lajver-dev.com\/sr\/wp-json\/wp\/v2\/types\/product"}],"wp:featuredmedia":[{"embeddable":true,"href":"https:\/\/lajver-dev.com\/sr\/wp-json\/wp\/v2\/media\/132163"}],"wp:attachment":[{"href":"https:\/\/lajver-dev.com\/sr\/wp-json\/wp\/v2\/media?parent=125870"}],"wp:term":[{"taxonomy":"product_brand","embeddable":true,"href":"https:\/\/lajver-dev.com\/sr\/wp-json\/wp\/v2\/product_brand?post=125870"},{"taxonomy":"product_cat","embeddable":true,"href":"https:\/\/lajver-dev.com\/sr\/wp-json\/wp\/v2\/product_cat?post=125870"},{"taxonomy":"product_tag","embeddable":true,"href":"https:\/\/lajver-dev.com\/sr\/wp-json\/wp\/v2\/product_tag?post=125870"}],"curies":[{"name":"wp","href":"https:\/\/api.w.org\/{rel}","templated":true}]}}