{"id":125865,"date":"2019-08-22T10:15:01","date_gmt":"2019-08-22T09:15:01","guid":{"rendered":"https:\/\/lajver-dev.com\/webshop\/lajver-szekszardi-merlot-selection-2015\/"},"modified":"2021-11-27T00:00:18","modified_gmt":"2021-11-26T22:00:18","slug":"lajver-seksardi-merlo-selection-2015","status":"publish","type":"product","link":"https:\/\/lajver-dev.com\/sr\/termek\/lajver-seksardi-merlo-selection-2015\/","title":{"rendered":"Lajver Seksardi Merlo Selection 2015"},"content":{"rendered":"<h3><strong>O VINU<\/strong><\/h3>\n<p>Na prvi pogled znamo, da je ovo vino, sa kojim se persira. Gusto, tamno, puno. Spolja izlega \u010dangrizavo, miris malo pritajen, ali dubok. \u201eVeliko vino\u201c. U gutljaju pokazuje za\u0161to je veliko prijatno &#8211; jer sadr\u017ei voc\u0301e, su\u0161eno vo\u0107e, d\u017eem i sve\u017ee, dobro sazrele kupine, zatim \u0161ljive, ali tu je i \u010dokoladna obloga i medeno-kremasti ton. Ne predaje se lako, bure i dalje puno pokriva, ali se lepo otvori u \u010da\u0161i, a mo\u017ee dugo da odle\u017ei u boci. Prvo uz jelo jedna \u010da\u0161a, pa zatim posle jela jo\u0161 jedna dve e, celonoc\u0301no iskustvo.<\/p>\n<p><em><strong>Kako se pravi?\u00a0<\/strong><\/em><br \/>\nRu\u010dno biranje grozda, a zatim i bobica. U ner\u0111aju\u0107em rezervoaru, sa alkoholnom fermentacijom u reduktivnom prostoru. Sazrevanje u hrastovim buradima koje traje 12 meseci.<\/p>\n<p><strong>Od \u010dega se pravi?<\/strong><\/p>\n<ul>\n<li>100% Merlo<\/li>\n<\/ul>\n<p><em><strong>Nagrade, plakete:<\/strong><\/em><\/p>\n<ul>\n<li>Prestige Reserve Vinum Bonum takmi\u010denje \u2013 Vinum Bonum nagrada, 2018<\/li>\n<li>Takmi\u010denje vina regiona Seksard \u2013 zlatna medalja, 2019<\/li>\n<\/ul>\n<p>Alkohol: 13,5%, Kiselina: 5,8 g\/l<\/p>\n","protected":false},"excerpt":{"rendered":"<p>SUVO CRNO VINO SA OZNAKOM GEOGRAFSKE ZA\u0160TITE POREKLA<\/p>\n","protected":false},"featured_media":125866,"template":"","meta":{"_acf_changed":false},"product_brand":[],"product_cat":[132,147],"product_tag":[],"class_list":{"0":"post-125865","1":"product","2":"type-product","3":"status-publish","4":"has-post-thumbnail","6":"product_cat-dijnyertes-borok-sr","7":"product_cat-premium-sr","9":"first","10":"instock","11":"shipping-taxable","12":"purchasable","13":"product-type-simple"},"acf":[],"_links":{"self":[{"href":"https:\/\/lajver-dev.com\/sr\/wp-json\/wp\/v2\/product\/125865","targetHints":{"allow":["GET"]}}],"collection":[{"href":"https:\/\/lajver-dev.com\/sr\/wp-json\/wp\/v2\/product"}],"about":[{"href":"https:\/\/lajver-dev.com\/sr\/wp-json\/wp\/v2\/types\/product"}],"wp:featuredmedia":[{"embeddable":true,"href":"https:\/\/lajver-dev.com\/sr\/wp-json\/wp\/v2\/media\/125866"}],"wp:attachment":[{"href":"https:\/\/lajver-dev.com\/sr\/wp-json\/wp\/v2\/media?parent=125865"}],"wp:term":[{"taxonomy":"product_brand","embeddable":true,"href":"https:\/\/lajver-dev.com\/sr\/wp-json\/wp\/v2\/product_brand?post=125865"},{"taxonomy":"product_cat","embeddable":true,"href":"https:\/\/lajver-dev.com\/sr\/wp-json\/wp\/v2\/product_cat?post=125865"},{"taxonomy":"product_tag","embeddable":true,"href":"https:\/\/lajver-dev.com\/sr\/wp-json\/wp\/v2\/product_tag?post=125865"}],"curies":[{"name":"wp","href":"https:\/\/api.w.org\/{rel}","templated":true}]}}