{"id":127668,"date":"2021-05-03T14:14:26","date_gmt":"2021-05-03T13:14:26","guid":{"rendered":"https:\/\/lajver-dev.com\/lajver-klub\/"},"modified":"2024-12-06T08:44:28","modified_gmt":"2024-12-06T07:44:28","slug":"lajver-klub","status":"publish","type":"page","link":"https:\/\/lajver-dev.com\/sr\/lajver-klub\/","title":{"rendered":"Lajver Borklub"},"content":{"rendered":"<div class=\"wpb-content-wrapper\"><p>[vc_row full_width=&#8220;stretch_row_content_no_spaces&#8220; css=&#8220;.vc_custom_1658320225756{margin-top: 0px !important;margin-right: 0px !important;margin-bottom: 0px !important;margin-left: 0px !important;border-top-width: 0px !important;border-right-width: 0px !important;border-bottom-width: 0px !important;border-left-width: 0px !important;padding-top: 0px !important;padding-right: 0px !important;padding-bottom: 0px !important;padding-left: 0px !important;background-image: url(https:\/\/lajver-dev.com\/wp-content\/uploads\/2022\/07\/Borklub_01.jpg?id=133246) !important;}&#8220; el_id=&#8220;head-img&#8220;][vc_column css=&#8220;.vc_custom_1565384926316{margin-top: 0px !important;margin-right: 0px !important;margin-bottom: 0px !important;margin-left: 0px !important;border-top-width: 0px !important;border-right-width: 0px !important;border-bottom-width: 0px !important;border-left-width: 0px !important;padding-top: 0px !important;padding-right: 0px !important;padding-bottom: 0px !important;padding-left: 0px !important;}&#8220;][vc_single_image image=&#8220;133251&#8243; alignment=&#8220;center&#8220; css=&#8220;.vc_custom_1658320177838{margin-top: 0px !important;margin-right: 0px !important;margin-bottom: 0px !important;margin-left: 0px !important;border-top-width: 0px !important;border-right-width: 0px !important;border-bottom-width: 0px !important;border-left-width: 0px !important;padding-top: 0px !important;padding-right: 0px !important;padding-bottom: 0px !important;padding-left: 0px !important;}&#8220;][\/vc_column][\/vc_row][vc_row css=&#8220;.vc_custom_1620044093871{margin-bottom: 50px !important;}&#8220;][vc_column][vc_column_text]<\/p>\n<p style=\"text-align: center;\"><strong>Lajver Borklub \u2013 h\u00e1zhoz vissz\u00fck a Lajver \u00e9lm\u00e9nyt!<\/strong><\/p>\n<p style=\"text-align: center;\"><strong>Legyen \u00d6n is tagja borklubunknak \u00e9s \u00e9lvezze a vele j\u00e1r\u00f3 el\u0151ny\u00f6ket.<\/strong><\/p>\n<p style=\"text-align: left;\"><strong>A klubtags\u00e1g r\u00e9szletei:<\/strong><\/p>\n<p>\u2022 V\u00e1s\u00e1roljon egyszerre minimum 25.000 Ft \u00e9rt\u00e9kben webshopunkb\u00f3l, regisztr\u00e1ljon borklub tagnak m\u00e9g fizet\u00e9s el\u0151tt<br \/>\n\u2022 A borklubba val\u00f3 bel\u00e9p\u00e9skor megaj\u00e1nd\u00e9kozzuk egy palack Lajver Incognito borral, melyet rendel\u00e9s\u00e9vel egy\u00fctt post\u00e1zunk \u00d6nnek<br \/>\n\u2022 Klubtags\u00e1ga id\u0151tartama alatt minden teljes\u00e1r\u00fa term\u00e9k\u00fcnkb\u0151l 10% kedvezm\u00e9nyt biztos\u00edtunk<br \/>\n\u2022 10% kedvezm\u00e9ny illeti meg a pincel\u00e1togat\u00e1ssal egybek\u00f6t\u00f6tt bork\u00f3stol\u00f3ra a Lajver Borbirtokon<br \/>\n\u2022 Els\u0151k\u00e9nt \u00e9rtes\u00fclhet rendezv\u00e9nyeinkr\u0151l, melyekre \u00d6n kedvezm\u00e9nyes \u00e1ron v\u00e1s\u00e1rolhat bel\u00e9p\u0151t<br \/>\n\u2022 Kis t\u00e9telben megjelen\u0151 term\u00e9kekre el\u0151rendel\u00e9st biztos\u00edtunk<br \/>\n\u2022 Bel\u00e9p\u00e9st\u0151l sz\u00e1m\u00edtva 12 h\u00f3napig \u00e9l a tags\u00e1g, melynek felt\u00e9tele, hogy az adott \u00e9vben m\u00e9g legal\u00e1bb 50.000 Ft \u00e9rt\u00e9kben v\u00e1s\u00e1roljon a Lajver bor\u00e1szat weboldal\u00e1n kereszt\u00fcl. Amennyiben ezt az \u00f6sszeget nem \u00e9ri el, borklub tags\u00e1ga el\u00e9v\u00fcl<br \/>\n\u2022 A borklub tags\u00e1g kedvezm\u00e9nye nem vonhat\u00f3 \u00f6ssze m\u00e1s akci\u00f3val<br \/>\n\u2022 A borklub tagoknak sz\u00f3l\u00f3 kedvezm\u00e9nyeinket folyamatosan b\u0151v\u00edtj\u00fck[\/vc_column_text]<a href=\"\/webshop-3\/\" target=\"_blank\" class=\"btn btn-shortcode btn-full\" ><span>Szeretn\u00e9k BORKLUB tag lenni, most v\u00e1s\u00e1rolok!<\/span><\/a>[\/vc_column][\/vc_row]<\/p>\n<\/div>","protected":false},"excerpt":{"rendered":"<p>[vc_row full_width=&#8220;stretch_row_content_no_spaces&#8220; css=&#8220;.vc_custom_1658320225756{margin-top: 0px !important;margin-right: 0px !important;margin-bottom: 0px !important;margin-left: 0px !important;border-top-width: 0px !important;border-right-width: 0px !important;border-bottom-width: 0px !important;border-left-width: 0px !important;padding-top: 0px !important;padding-right: 0px !important;padding-bottom: 0px !important;padding-left: 0px !important;background-image: url(https:\/\/lajver-dev.com\/wp-content\/uploads\/2022\/07\/Borklub_01.jpg?id=133246) !important;}&#8220; el_id=&#8220;head-img&#8220;][vc_column css=&#8220;.vc_custom_1565384926316{margin-top: 0px !important;margin-right: 0px !important;margin-bottom: 0px !important;margin-left: 0px !important;border-top-width: 0px !important;border-right-width: 0px !important;border-bottom-width: 0px !important;border-left-width: 0px !important;padding-top: 0px !important;padding-right: 0px !important;padding-bottom: 0px !important;padding-left: 0px !important;}&#8220;][vc_single_image [&hellip;]<\/p>\n","protected":false},"author":361,"featured_media":0,"parent":0,"menu_order":0,"comment_status":"closed","ping_status":"closed","template":"","meta":{"_acf_changed":false,"footnotes":""},"class_list":["post-127668","page","type-page","status-publish","hentry"],"acf":[],"_links":{"self":[{"href":"https:\/\/lajver-dev.com\/sr\/wp-json\/wp\/v2\/pages\/127668","targetHints":{"allow":["GET"]}}],"collection":[{"href":"https:\/\/lajver-dev.com\/sr\/wp-json\/wp\/v2\/pages"}],"about":[{"href":"https:\/\/lajver-dev.com\/sr\/wp-json\/wp\/v2\/types\/page"}],"author":[{"embeddable":true,"href":"https:\/\/lajver-dev.com\/sr\/wp-json\/wp\/v2\/users\/361"}],"replies":[{"embeddable":true,"href":"https:\/\/lajver-dev.com\/sr\/wp-json\/wp\/v2\/comments?post=127668"}],"version-history":[{"count":21,"href":"https:\/\/lajver-dev.com\/sr\/wp-json\/wp\/v2\/pages\/127668\/revisions"}],"predecessor-version":[{"id":138451,"href":"https:\/\/lajver-dev.com\/sr\/wp-json\/wp\/v2\/pages\/127668\/revisions\/138451"}],"wp:attachment":[{"href":"https:\/\/lajver-dev.com\/sr\/wp-json\/wp\/v2\/media?parent=127668"}],"curies":[{"name":"wp","href":"https:\/\/api.w.org\/{rel}","templated":true}]}}