{"id":130337,"date":"2019-08-22T10:15:01","date_gmt":"2019-08-22T09:15:01","guid":{"rendered":"https:\/\/lajver-dev.com\/termek\/l-51\/"},"modified":"2021-11-27T00:00:18","modified_gmt":"2021-11-26T22:00:18","slug":"lajver-merlot-selection-2015","status":"publish","type":"product","link":"https:\/\/lajver-dev.com\/fr\/termek\/lajver-merlot-selection-2015\/","title":{"rendered":"LAJVER MERLOT SELECTION 2015"},"content":{"rendered":"<h3>\u00c0 PROPOS DU VIN<\/h3>\n<p>\u00c0 premi\u00e8re vue, c\u2019est un vin \u00e9pais, sombre et plein. Au nez, il est un peu ferm\u00e9, mais d\u00e8s qu\u2019il commence \u00e0 s\u2019ouvrir nous retrouvons les notes des fruits noirs, de la mati\u00e8re s\u00e8che, de la confiture et des m\u00fbres. En bouche cette complexit\u00e9 se montre encore plus avec les ar\u00f4mes des prunes, du chocolat et une onctuosit\u00e9 du miel. Acidit\u00e9 \u00e9l\u00e9gante et tanins velout\u00e9s, longue finale.<\/p>\n<p><strong><em>Comment c\u2019est fait\u00a0? \u00a0<\/em><br \/>\n<\/strong>Vendange et tri manuel des baies sur parcelle s\u00e9lectionn\u00e9e. Fermentations alcoolique et malolactique sous conditions contr\u00f4l\u00e9es en cuve inox, suivies par un \u00e9levage de 12 mois en f\u00fbts de ch\u00eane hongrois de 500 litres.<\/p>\n<p><em><strong>Quels sont les c\u00e9pages\u00a0? <\/strong><\/em><\/p>\n<ul>\n<li>Merlot<\/li>\n<\/ul>\n<p>Alcool : 13,5%, acidit\u00e9 : 5,8 g\/l<\/p>\n","protected":false},"excerpt":{"rendered":"<p>VIN ROUGE SEC, AOP SZEKSZ\u00c1RD<\/p>\n","protected":false},"featured_media":130338,"template":"","meta":{"_acf_changed":false},"product_brand":[],"product_cat":[129,144],"product_tag":[],"class_list":{"0":"post-130337","1":"product","2":"type-product","3":"status-publish","4":"has-post-thumbnail","6":"product_cat-dijnyertes-borok-fr","7":"product_cat-premium-fr","9":"first","10":"instock","11":"shipping-taxable","12":"purchasable","13":"product-type-simple"},"acf":[],"_links":{"self":[{"href":"https:\/\/lajver-dev.com\/fr\/wp-json\/wp\/v2\/product\/130337","targetHints":{"allow":["GET"]}}],"collection":[{"href":"https:\/\/lajver-dev.com\/fr\/wp-json\/wp\/v2\/product"}],"about":[{"href":"https:\/\/lajver-dev.com\/fr\/wp-json\/wp\/v2\/types\/product"}],"wp:featuredmedia":[{"embeddable":true,"href":"https:\/\/lajver-dev.com\/fr\/wp-json\/wp\/v2\/media\/130338"}],"wp:attachment":[{"href":"https:\/\/lajver-dev.com\/fr\/wp-json\/wp\/v2\/media?parent=130337"}],"wp:term":[{"taxonomy":"product_brand","embeddable":true,"href":"https:\/\/lajver-dev.com\/fr\/wp-json\/wp\/v2\/product_brand?post=130337"},{"taxonomy":"product_cat","embeddable":true,"href":"https:\/\/lajver-dev.com\/fr\/wp-json\/wp\/v2\/product_cat?post=130337"},{"taxonomy":"product_tag","embeddable":true,"href":"https:\/\/lajver-dev.com\/fr\/wp-json\/wp\/v2\/product_tag?post=130337"}],"curies":[{"name":"wp","href":"https:\/\/api.w.org\/{rel}","templated":true}]}}