{"id":130333,"date":"2019-08-22T10:15:02","date_gmt":"2019-08-22T09:15:02","guid":{"rendered":"https:\/\/lajver-dev.com\/termek\/l-50\/"},"modified":"2021-11-27T00:00:19","modified_gmt":"2021-11-26T22:00:19","slug":"lajver-infinity-selection-2015","status":"publish","type":"product","link":"https:\/\/lajver-dev.com\/fr\/termek\/lajver-infinity-selection-2015\/","title":{"rendered":"LAJVER INFINITY SELECTION 2015"},"content":{"rendered":"<h3>\u00c0 PROPOS DU VIN<\/h3>\n<p>Un assemblage avec dominance du Cabernet franc. Au nez, les fruits rouges et la framboise m\u00fbre apparaissent, avec des notes \u00e9l\u00e9gantes d\u2019\u00e9levage en f\u00fbts de ch\u00eane. En bouche, des \u00e9pices douces, des notes de bois fum\u00e9 et des fruits juteux. Un vin avec une longue finale, une acidit\u00e9 \u00e9quilibr\u00e9e et une \u00e9l\u00e9gance \u00e9ternelle.<\/p>\n<p><strong><em>Comment c\u2019est fait\u00a0? \u00a0<\/em><br \/>\n<\/strong>Vendange et tri manuel des baies sur parcelles s\u00e9lectionn\u00e9es. Fermentations alcoolique et malolactique sous conditions contr\u00f4l\u00e9es en cuves inox. L\u2019assemblage final est fait apr\u00e8s un \u00e9levage de 12-14 mois en f\u00fbts de ch\u00eane hongrois de 500 litres.<\/p>\n<p><em><strong>Quels sont les c\u00e9pages\u00a0? <\/strong><\/em><\/p>\n<p>Cabernet franc, Merlot, Cabernet sauvignon<\/p>\n<p>Alcool : 13,5%, acidit\u00e9 :\u00a05,4g\/l<\/p>\n","protected":false},"excerpt":{"rendered":"<p>VIN ROUGE SEC, AOP SZEKSZ\u00c1RD<\/p>\n","protected":false},"featured_media":132160,"template":"","meta":{"_acf_changed":false},"product_brand":[],"product_cat":[129,144],"product_tag":[],"class_list":{"0":"post-130333","1":"product","2":"type-product","3":"status-publish","4":"has-post-thumbnail","6":"product_cat-dijnyertes-borok-fr","7":"product_cat-premium-fr","9":"first","10":"instock","11":"shipping-taxable","12":"purchasable","13":"product-type-simple"},"acf":[],"_links":{"self":[{"href":"https:\/\/lajver-dev.com\/fr\/wp-json\/wp\/v2\/product\/130333","targetHints":{"allow":["GET"]}}],"collection":[{"href":"https:\/\/lajver-dev.com\/fr\/wp-json\/wp\/v2\/product"}],"about":[{"href":"https:\/\/lajver-dev.com\/fr\/wp-json\/wp\/v2\/types\/product"}],"wp:featuredmedia":[{"embeddable":true,"href":"https:\/\/lajver-dev.com\/fr\/wp-json\/wp\/v2\/media\/132160"}],"wp:attachment":[{"href":"https:\/\/lajver-dev.com\/fr\/wp-json\/wp\/v2\/media?parent=130333"}],"wp:term":[{"taxonomy":"product_brand","embeddable":true,"href":"https:\/\/lajver-dev.com\/fr\/wp-json\/wp\/v2\/product_brand?post=130333"},{"taxonomy":"product_cat","embeddable":true,"href":"https:\/\/lajver-dev.com\/fr\/wp-json\/wp\/v2\/product_cat?post=130333"},{"taxonomy":"product_tag","embeddable":true,"href":"https:\/\/lajver-dev.com\/fr\/wp-json\/wp\/v2\/product_tag?post=130333"}],"curies":[{"name":"wp","href":"https:\/\/api.w.org\/{rel}","templated":true}]}}