{"id":130224,"date":"2020-01-08T12:36:23","date_gmt":"2020-01-08T11:36:23","guid":{"rendered":"https:\/\/lajver-dev.com\/termek\/l-38\/"},"modified":"2021-11-27T00:00:19","modified_gmt":"2021-11-26T22:00:19","slug":"lajver-pinot-noir-limited-2017","status":"publish","type":"product","link":"https:\/\/lajver-dev.com\/fr\/termek\/lajver-pinot-noir-limited-2017\/","title":{"rendered":"LAJVER PINOT NOIR LIMITED 2017"},"content":{"rendered":"<p><strong>\u00c0 PROPOS DU VIN<\/strong><br \/>\nL&rsquo;ar\u00f4me des baies rouges et les tanins souples en bouche rendent ce Pinot noir tr\u00e8s l\u00e9ger et \u00e9l\u00e9gant. L\u2019acidit\u00e9 vibrante a \u00e9t\u00e9 pr\u00e9serv\u00e9e gr\u00e2ce \u00e0 une s\u00e9lection rigoureuse de la date de vendange. Naturellement joli, sophistiqu\u00e9 et harmonieux.<\/p>\n<p>Un vin de petit lot, avec un num\u00e9ro de s\u00e9rie unique. Seulement 1331 bouteilles ont \u00e9t\u00e9 produites. Uniquement disponible au Lajver Bistrot et dans notre boutique en ligne.<\/p>\n<p><em><strong>Comment c\u2019est fait\u00a0?\u00a0<\/strong><\/em><\/p>\n<ul>\n<li>Tri manuel de la vendange. Fermentations alcoolique et malolactique sous conditions contr\u00f4l\u00e9es en cuves inox, suivies par un \u00e9levage de 16 mois en f\u00fbts de ch\u00eane hongrois et fran\u00e7ais.<\/li>\n<\/ul>\n<p>Alcool : 12%, acidit\u00e9 : 5,2 g\/l<\/p>\n","protected":false},"excerpt":{"rendered":"<p>VIN ROUGE SEC, AOP SZEKSZ\u00c1RD<\/p>\n","protected":false},"featured_media":130225,"template":"","meta":{"_acf_changed":false},"product_brand":[],"product_cat":[139],"product_tag":[],"class_list":{"0":"post-130224","1":"product","2":"type-product","3":"status-publish","4":"has-post-thumbnail","6":"product_cat-limited-fr","8":"first","9":"instock","10":"shipping-taxable","11":"purchasable","12":"product-type-simple"},"acf":[],"_links":{"self":[{"href":"https:\/\/lajver-dev.com\/fr\/wp-json\/wp\/v2\/product\/130224","targetHints":{"allow":["GET"]}}],"collection":[{"href":"https:\/\/lajver-dev.com\/fr\/wp-json\/wp\/v2\/product"}],"about":[{"href":"https:\/\/lajver-dev.com\/fr\/wp-json\/wp\/v2\/types\/product"}],"wp:featuredmedia":[{"embeddable":true,"href":"https:\/\/lajver-dev.com\/fr\/wp-json\/wp\/v2\/media\/130225"}],"wp:attachment":[{"href":"https:\/\/lajver-dev.com\/fr\/wp-json\/wp\/v2\/media?parent=130224"}],"wp:term":[{"taxonomy":"product_brand","embeddable":true,"href":"https:\/\/lajver-dev.com\/fr\/wp-json\/wp\/v2\/product_brand?post=130224"},{"taxonomy":"product_cat","embeddable":true,"href":"https:\/\/lajver-dev.com\/fr\/wp-json\/wp\/v2\/product_cat?post=130224"},{"taxonomy":"product_tag","embeddable":true,"href":"https:\/\/lajver-dev.com\/fr\/wp-json\/wp\/v2\/product_tag?post=130224"}],"curies":[{"name":"wp","href":"https:\/\/api.w.org\/{rel}","templated":true}]}}