{"id":130035,"date":"2020-11-19T13:20:36","date_gmt":"2020-11-19T12:20:36","guid":{"rendered":"https:\/\/lajver-dev.com\/termek\/l-20\/"},"modified":"2021-11-27T00:00:15","modified_gmt":"2021-11-26T22:00:15","slug":"coffret-lajver-black-edition-en-caisse-bois","status":"publish","type":"product","link":"https:\/\/lajver-dev.com\/fr\/termek\/coffret-lajver-black-edition-en-caisse-bois\/","title":{"rendered":"COFFRET LAJVER BLACK EDITION EN CAISSE BOIS"},"content":{"rendered":"<p>Notre coffret Black Edition contient nos vins uniques de haute gamme, qui ont d\u00e9j\u00e0 remport\u00e9 des m\u00e9dailles des concours nationaux et internationaux des vins. La caisse bois, nous vous offrons en cadeau\u00a0!<\/p>\n","protected":false},"excerpt":{"rendered":"<p>SIGNUM 2019<br \/>\nMERLOT SELECTION 2015<br \/>\nINFINITY CUV\u00c9E 2015<br \/>\nPINOT NOIR LIMITED 2017<br \/>\nK\u00c9KFRANKOS LIMITED 2015<br \/>\nCABERNET SAUVIGNON LIMITED 2017<\/p>\n","protected":false},"featured_media":130038,"template":"","meta":{"_acf_changed":false},"product_brand":[],"product_cat":[15],"product_tag":[],"class_list":{"0":"post-130035","1":"product","2":"type-product","3":"status-publish","4":"has-post-thumbnail","6":"product_cat-uncategorized","8":"first","9":"instock","10":"shipping-taxable","11":"purchasable","12":"product-type-simple"},"acf":[],"_links":{"self":[{"href":"https:\/\/lajver-dev.com\/fr\/wp-json\/wp\/v2\/product\/130035","targetHints":{"allow":["GET"]}}],"collection":[{"href":"https:\/\/lajver-dev.com\/fr\/wp-json\/wp\/v2\/product"}],"about":[{"href":"https:\/\/lajver-dev.com\/fr\/wp-json\/wp\/v2\/types\/product"}],"wp:featuredmedia":[{"embeddable":true,"href":"https:\/\/lajver-dev.com\/fr\/wp-json\/wp\/v2\/media\/130038"}],"wp:attachment":[{"href":"https:\/\/lajver-dev.com\/fr\/wp-json\/wp\/v2\/media?parent=130035"}],"wp:term":[{"taxonomy":"product_brand","embeddable":true,"href":"https:\/\/lajver-dev.com\/fr\/wp-json\/wp\/v2\/product_brand?post=130035"},{"taxonomy":"product_cat","embeddable":true,"href":"https:\/\/lajver-dev.com\/fr\/wp-json\/wp\/v2\/product_cat?post=130035"},{"taxonomy":"product_tag","embeddable":true,"href":"https:\/\/lajver-dev.com\/fr\/wp-json\/wp\/v2\/product_tag?post=130035"}],"curies":[{"name":"wp","href":"https:\/\/api.w.org\/{rel}","templated":true}]}}