{"id":130006,"date":"2020-12-08T09:34:17","date_gmt":"2020-12-08T08:34:17","guid":{"rendered":"https:\/\/lajver-dev.com\/termek\/l-15\/"},"modified":"2021-11-27T00:00:16","modified_gmt":"2021-11-26T22:00:16","slug":"lajver-merlot-2018","status":"publish","type":"product","link":"https:\/\/lajver-dev.com\/fr\/termek\/lajver-merlot-2018\/","title":{"rendered":"LAJVER MERLOT 2018"},"content":{"rendered":"<h3>\u00c0 PROPOS DU VIN<\/h3>\n<p>Un vin de c\u00e9page aux notes typiques de Merlot. Au nez, nous retrouvons les fruits de bois, la violette et la feuille de laurier. En bouche, c\u2019est un vin tr\u00e8s \u00e9quilibr\u00e9, les notes de prune ne sont pas masqu\u00e9es par les \u00e9pices douces du bois. Vin avec une acidit\u00e9 \u00e9l\u00e9gante et des tanins velout\u00e9s.<\/p>\n<p><strong><em>Comment c\u2019est fait\u00a0?<\/em><br \/>\n<\/strong>Tri manuel de la vendange. Fermentations alcoolique et malolactique sous conditions contr\u00f4l\u00e9es en cuves inox, suivies par un \u00e9levage de 12 mois en f\u00fbts de ch\u00eane hongrois.<\/p>\n<p><em><strong>Quels sont les c\u00e9pages\u00a0? <\/strong><\/em><\/p>\n<p>Merlot<\/p>\n<p>Alcool : 13%, acidit\u00e9 : 5,1\u00a0g\/l<\/p>\n","protected":false},"excerpt":{"rendered":"<p>VIN ROUGE SEC, AOP SZEKSZ\u00c1RD<\/p>\n","protected":false},"featured_media":130007,"template":"","meta":{"_acf_changed":false},"product_brand":[],"product_cat":[159],"product_tag":[],"class_list":{"0":"post-130006","1":"product","2":"type-product","3":"status-publish","4":"has-post-thumbnail","6":"product_cat-szaraz-voros-fr","8":"first","9":"instock","10":"shipping-taxable","11":"purchasable","12":"product-type-simple"},"acf":[],"_links":{"self":[{"href":"https:\/\/lajver-dev.com\/fr\/wp-json\/wp\/v2\/product\/130006","targetHints":{"allow":["GET"]}}],"collection":[{"href":"https:\/\/lajver-dev.com\/fr\/wp-json\/wp\/v2\/product"}],"about":[{"href":"https:\/\/lajver-dev.com\/fr\/wp-json\/wp\/v2\/types\/product"}],"wp:featuredmedia":[{"embeddable":true,"href":"https:\/\/lajver-dev.com\/fr\/wp-json\/wp\/v2\/media\/130007"}],"wp:attachment":[{"href":"https:\/\/lajver-dev.com\/fr\/wp-json\/wp\/v2\/media?parent=130006"}],"wp:term":[{"taxonomy":"product_brand","embeddable":true,"href":"https:\/\/lajver-dev.com\/fr\/wp-json\/wp\/v2\/product_brand?post=130006"},{"taxonomy":"product_cat","embeddable":true,"href":"https:\/\/lajver-dev.com\/fr\/wp-json\/wp\/v2\/product_cat?post=130006"},{"taxonomy":"product_tag","embeddable":true,"href":"https:\/\/lajver-dev.com\/fr\/wp-json\/wp\/v2\/product_tag?post=130006"}],"curies":[{"name":"wp","href":"https:\/\/api.w.org\/{rel}","templated":true}]}}