{"id":129324,"date":"2019-08-09T12:03:52","date_gmt":"2019-08-09T11:03:52","guid":{"rendered":"https:\/\/lajver-dev.com\/programok\/"},"modified":"2025-02-26T22:43:42","modified_gmt":"2025-02-26T21:43:42","slug":"programok","status":"publish","type":"page","link":"https:\/\/lajver-dev.com\/en\/programok\/","title":{"rendered":"Programok"},"content":{"rendered":"<div class=\"wpb-content-wrapper\"><p>[vc_row full_width=&#8221;stretch_row_content_no_spaces&#8221; css=&#8221;.vc_custom_1574771326668{margin-top: 0px !important;margin-right: 0px !important;margin-bottom: 0px !important;margin-left: 0px !important;border-top-width: 0px !important;border-right-width: 0px !important;border-bottom-width: 0px !important;border-left-width: 0px !important;padding-top: 0px !important;padding-right: 0px !important;padding-bottom: 0px !important;padding-left: 0px !important;background-image: url(https:\/\/lajver-dev.com\/wp-content\/uploads\/2019\/10\/IMGL5445.jpg?id=2635) !important;}&#8221; el_id=&#8221;head-img&#8221;][vc_column css=&#8221;.vc_custom_1565384926316{margin-top: 0px !important;margin-right: 0px !important;margin-bottom: 0px !important;margin-left: 0px !important;border-top-width: 0px !important;border-right-width: 0px !important;border-bottom-width: 0px !important;border-left-width: 0px !important;padding-top: 0px !important;padding-right: 0px !important;padding-bottom: 0px !important;padding-left: 0px !important;}&#8221;][vc_single_image image=&#8221;129325&#8243; alignment=&#8221;center&#8221; css=&#8221;.vc_custom_1574767913972{margin-top: 0px !important;margin-right: 0px !important;margin-bottom: 0px !important;margin-left: 0px !important;border-top-width: 0px !important;border-right-width: 0px !important;border-bottom-width: 0px !important;border-left-width: 0px !important;padding-top: 0px !important;padding-right: 0px !important;padding-bottom: 0px !important;padding-left: 0px !important;}&#8221;][\/vc_column][\/vc_row][vc_row css=&#8221;.vc_custom_1623314990853{border-bottom-width: 0px !important;padding-bottom: 30px !important;}&#8221;][vc_column][vc_column_text]<\/p>\n<h2 style=\"text-align: center;\">Aktu\u00e1lis h\u00edreink, programjaink<\/h2>\n<p>[\/vc_column_text][\/vc_column][\/vc_row][vc_row css=&#8221;.vc_custom_1727449633287{padding-bottom: 35px !important;}&#8221;][vc_column width=&#8221;1\/2&#8243;]<div class=\"woocommerce \"><\/div><div class=\"woocommerce \"><\/div><div class=\"woocommerce \"><\/div><div class=\"woocommerce \"><\/div><div class=\"woocommerce \"><\/div><div class=\"woocommerce \"><\/div>[\/vc_column][vc_column width=&#8221;1\/2&#8243;]<div class=\"woocommerce \"><\/div><div class=\"woocommerce \"><\/div><div class=\"woocommerce \"><\/div>[\/vc_column][\/vc_row][vc_row][vc_column width=&#8221;1\/2&#8243;][\/vc_column][\/vc_row][vc_row css=&#8221;.vc_custom_1613560909116{margin-top: 50px !important;margin-bottom: 50px !important;}&#8221;][vc_column offset=&#8221;vc_col-lg-offset-2 vc_col-lg-8 vc_hidden-lg vc_col-md-offset-1 vc_col-md-10 vc_hidden-md vc_hidden-sm vc_hidden-xs&#8221;][vc_column_text font_size=&#8221;20px&#8221;]<\/p>\n<p style=\"text-align: justify;\"><strong>Kedves Vend\u00e9geink!<\/strong><\/p>\n<p style=\"text-align: justify;\">A COVID-19 j\u00e1rv\u00e1ny okozta korl\u00e1toz\u00e1sok miatt sajnos nem tudunk programokat szervezni, de b\u00edzunk benne hogy hamarosan vissza\u00e1ll minden \u00e9s ism\u00e9t nagyszer\u0171 Lajver rendezv\u00e9nyeken tal\u00e1lkozhatunk. Addig is megtekinthet\u0151 Youtube csatorn\u00e1nkr\u00f3l n\u00e9h\u00e1ny kedvcsin\u00e1l\u00f3 vide\u00f3, kor\u00e1bbi esem\u00e9nyekr\u0151l.<\/p>\n<p>[\/vc_column_text][vc_video link=&#8221;https:\/\/www.youtube.com\/watch?v=QPYz-7a6DG8&amp;list=UUWuWEyZwpwcp3cIsyzHV2hQ&#8221;][\/vc_column][\/vc_row]<\/p>\n<\/div>","protected":false},"excerpt":{"rendered":"<p>[vc_row full_width=&#8221;stretch_row_content_no_spaces&#8221; css=&#8221;.vc_custom_1574771326668{margin-top: 0px !important;margin-right: 0px !important;margin-bottom: 0px !important;margin-left: 0px !important;border-top-width: 0px !important;border-right-width: 0px !important;border-bottom-width: 0px !important;border-left-width: 0px !important;padding-top: 0px !important;padding-right: 0px !important;padding-bottom: 0px !important;padding-left: 0px !important;background-image: url(https:\/\/lajver-dev.com\/wp-content\/uploads\/2019\/10\/IMGL5445.jpg?id=2635) !important;}&#8221; el_id=&#8221;head-img&#8221;][vc_column css=&#8221;.vc_custom_1565384926316{margin-top: 0px !important;margin-right: 0px !important;margin-bottom: 0px !important;margin-left: 0px !important;border-top-width: 0px !important;border-right-width: 0px !important;border-bottom-width: 0px !important;border-left-width: 0px !important;padding-top: 0px !important;padding-right: 0px !important;padding-bottom: 0px !important;padding-left: 0px !important;}&#8221;][vc_single_image [&hellip;]<\/p>\n","protected":false},"author":361,"featured_media":0,"parent":0,"menu_order":0,"comment_status":"closed","ping_status":"closed","template":"","meta":{"_acf_changed":false,"footnotes":""},"class_list":["post-129324","page","type-page","status-publish","hentry"],"acf":[],"_links":{"self":[{"href":"https:\/\/lajver-dev.com\/en\/wp-json\/wp\/v2\/pages\/129324","targetHints":{"allow":["GET"]}}],"collection":[{"href":"https:\/\/lajver-dev.com\/en\/wp-json\/wp\/v2\/pages"}],"about":[{"href":"https:\/\/lajver-dev.com\/en\/wp-json\/wp\/v2\/types\/page"}],"author":[{"embeddable":true,"href":"https:\/\/lajver-dev.com\/en\/wp-json\/wp\/v2\/users\/361"}],"replies":[{"embeddable":true,"href":"https:\/\/lajver-dev.com\/en\/wp-json\/wp\/v2\/comments?post=129324"}],"version-history":[{"count":137,"href":"https:\/\/lajver-dev.com\/en\/wp-json\/wp\/v2\/pages\/129324\/revisions"}],"predecessor-version":[{"id":138914,"href":"https:\/\/lajver-dev.com\/en\/wp-json\/wp\/v2\/pages\/129324\/revisions\/138914"}],"wp:attachment":[{"href":"https:\/\/lajver-dev.com\/en\/wp-json\/wp\/v2\/media?parent=129324"}],"curies":[{"name":"wp","href":"https:\/\/api.w.org\/{rel}","templated":true}]}}