{"id":130339,"date":"2019-08-22T10:15:01","date_gmt":"2019-08-22T09:15:01","guid":{"rendered":"https:\/\/lajver-dev.com\/termek\/l-53\/"},"modified":"2021-11-27T00:00:18","modified_gmt":"2021-11-26T22:00:18","slug":"lajver-merlot-selection-2015-szekszard","status":"publish","type":"product","link":"https:\/\/lajver-dev.com\/de\/termek\/lajver-merlot-selection-2015-szekszard\/","title":{"rendered":"LAJVER MERLOT SELECTION 2015 SZEKSZ\u00c1RD"},"content":{"rendered":"<h3>\u00dcBER DEN WEIN<\/h3>\n<p>Schon auf den ersten Blick sieht man diesem Wein seine W\u00fcrde an. Vollmundig, dunkel, k\u00f6rperreich. \u00c4u\u00dferlich scheint er etwas renitent, sein Bouquet ist zur\u00fcckhaltend, doch voll.\u00a0 Ein \u201egro\u00dfer Wein\u201c. Im Schluck zeigt sich, warum\u00a0 er ein Genuss ist &#8211; er enth\u00e4lt Obst, Trockenfr\u00fcchte, Marmelade und frische, reife Brombeeren, dann Pflaumen, doch es ist auch ein Schokoladen\u00fcberzug und s\u00fc\u00dfe Cremigkeit zu sp\u00fcren. Er bleibt geheimnisvoll, das Fass birgt noch mehr, doch im Glas \u00f6ffnet er sich jetzt, in der Flasche kann er noch lange Zeit reifen. Zuerst ein Glas zum Essen, dann noch ein oder zwei Gl\u00e4ser, ein Erlebnis f\u00fcr den ganzen Abend.<\/p>\n<p><em><strong>Herstellung\u00a0<\/strong><\/em><br \/>\nDie Trauben und Beeren werden handverlesen. Die alkoholische G\u00e4rung erfolgt in einem Edelstahltank mit reduktiver Wirkung.\u00a0\u00a0 Reifung in Eichenf\u00e4ssern f\u00fcr 12 Monate.<\/p>\n<p><em><strong>Anteile der Rebsorten<\/strong><\/em><\/p>\n<ul>\n<li>100%\u00a0Merlot<\/li>\n<\/ul>\n<p><strong>Preise, Auszeichnungen:<\/strong><\/p>\n<p>Prestige Reserve Vinum Bonum Wettbewerb \u2013 Vinum-Bonum-Preis, 2018<\/p>\n<p>Weinwettbewerb der Szeksz\u00e1rder Weinregion \u2013 Goldmedaille, 2019<\/p>\n<p>Alkohol: 13,5%, S\u00e4ure: 5.8 g\/l<\/p>\n","protected":false},"excerpt":{"rendered":"<p>TROCKENER ROTWEIN MIT\u00a0GESCH\u00dcTZTER URSPRUNGSBEZEICHNUNG<\/p>\n","protected":false},"featured_media":130340,"template":"","meta":{"_acf_changed":false},"product_brand":[],"product_cat":[130,145],"product_tag":[],"class_list":{"0":"post-130339","1":"product","2":"type-product","3":"status-publish","4":"has-post-thumbnail","6":"product_cat-dijnyertes-borok-de","7":"product_cat-premium-de","9":"first","10":"instock","11":"shipping-taxable","12":"purchasable","13":"product-type-simple"},"acf":[],"_links":{"self":[{"href":"https:\/\/lajver-dev.com\/de\/wp-json\/wp\/v2\/product\/130339","targetHints":{"allow":["GET"]}}],"collection":[{"href":"https:\/\/lajver-dev.com\/de\/wp-json\/wp\/v2\/product"}],"about":[{"href":"https:\/\/lajver-dev.com\/de\/wp-json\/wp\/v2\/types\/product"}],"wp:featuredmedia":[{"embeddable":true,"href":"https:\/\/lajver-dev.com\/de\/wp-json\/wp\/v2\/media\/130340"}],"wp:attachment":[{"href":"https:\/\/lajver-dev.com\/de\/wp-json\/wp\/v2\/media?parent=130339"}],"wp:term":[{"taxonomy":"product_brand","embeddable":true,"href":"https:\/\/lajver-dev.com\/de\/wp-json\/wp\/v2\/product_brand?post=130339"},{"taxonomy":"product_cat","embeddable":true,"href":"https:\/\/lajver-dev.com\/de\/wp-json\/wp\/v2\/product_cat?post=130339"},{"taxonomy":"product_tag","embeddable":true,"href":"https:\/\/lajver-dev.com\/de\/wp-json\/wp\/v2\/product_tag?post=130339"}],"curies":[{"name":"wp","href":"https:\/\/api.w.org\/{rel}","templated":true}]}}