{"id":130149,"date":"2020-05-04T10:04:56","date_gmt":"2020-05-04T09:04:56","guid":{"rendered":"https:\/\/lajver-dev.com\/termek\/l-33\/"},"modified":"2022-05-13T16:54:46","modified_gmt":"2022-05-13T15:54:46","slug":"l-ajver-color-2019","status":"publish","type":"product","link":"https:\/\/lajver-dev.com\/de\/termek\/l-ajver-color-2019\/","title":{"rendered":"Lajver Color 2019"},"content":{"rendered":"<h3>\u00dcBER DEN WEIN<\/h3>\n<p>Der Duft wird sofort von den erfrischenden roten Beeren gefangen genommen. Im Schluck sp\u00fcrt man eine kr\u00e4ftige S\u00e4ure, die s\u00fc\u00df-saure Frische der Kirschen f\u00fcllt den ganzen Mund. Die reichen Aromen werden von einem buttrigen alkoholischen Abgang begleitet, der ihm Rundheit verleiht. Ein leicht verst\u00e4ndlicher, genussvoller und gut trinkbarer Rotwein, den wir f\u00fcr jeden Tag des Jahres nur empfehlen k\u00f6nnen.<\/p>\n<p><em><strong>Wie es gemacht wird?<\/strong><\/em><\/p>\n<p>Manuelle Clusterauswahl. Alkoholische G\u00e4rung in einem Edelstahltank in einem reduktiven Raum nach Sorte. Nach sechs Monaten getrennter Reifung heiraten wir, um die beste Harmonie von Geschmack und Aroma zu finden.<\/p>\n","protected":false},"excerpt":{"rendered":"<p>TROCKENER ROTWEIN MIT\u00a0GESCH\u00dcTZTER URSPRUNGSBEZEICHNUNG<\/p>\n","protected":false},"featured_media":130155,"template":"","meta":{"_acf_changed":false},"product_brand":[],"product_cat":[160],"product_tag":[],"class_list":{"0":"post-130149","1":"product","2":"type-product","3":"status-publish","4":"has-post-thumbnail","6":"product_cat-szaraz-voros-de","8":"first","9":"instock","10":"shipping-taxable","11":"purchasable","12":"product-type-simple"},"acf":[],"_links":{"self":[{"href":"https:\/\/lajver-dev.com\/de\/wp-json\/wp\/v2\/product\/130149","targetHints":{"allow":["GET"]}}],"collection":[{"href":"https:\/\/lajver-dev.com\/de\/wp-json\/wp\/v2\/product"}],"about":[{"href":"https:\/\/lajver-dev.com\/de\/wp-json\/wp\/v2\/types\/product"}],"wp:featuredmedia":[{"embeddable":true,"href":"https:\/\/lajver-dev.com\/de\/wp-json\/wp\/v2\/media\/130155"}],"wp:attachment":[{"href":"https:\/\/lajver-dev.com\/de\/wp-json\/wp\/v2\/media?parent=130149"}],"wp:term":[{"taxonomy":"product_brand","embeddable":true,"href":"https:\/\/lajver-dev.com\/de\/wp-json\/wp\/v2\/product_brand?post=130149"},{"taxonomy":"product_cat","embeddable":true,"href":"https:\/\/lajver-dev.com\/de\/wp-json\/wp\/v2\/product_cat?post=130149"},{"taxonomy":"product_tag","embeddable":true,"href":"https:\/\/lajver-dev.com\/de\/wp-json\/wp\/v2\/product_tag?post=130149"}],"curies":[{"name":"wp","href":"https:\/\/api.w.org\/{rel}","templated":true}]}}